{"id":5393,"date":"2025-03-24T14:06:27","date_gmt":"2025-03-24T12:06:27","guid":{"rendered":"https:\/\/www.csde.ro\/?page_id=5393"},"modified":"2025-03-24T14:07:32","modified_gmt":"2025-03-24T12:07:32","slug":"protectia-datelor-cu-caracter-personal","status":"publish","type":"page","link":"https:\/\/www.csde.ro\/?page_id=5393","title":{"rendered":"Protec\u021bia datelor"},"content":{"rendered":"\n<p class=\"has-text-align-center\"><strong>NOTA DE INFORMARE<\/strong><\/p>\n\n\n\n<p class=\"has-text-align-center\">privind prelucrarea datelor cu caracter personal ale participan\u021bilor la activit\u0103\u021bile \u0219tiin\u021bifice organizate de Institutul de Cercet\u0103ri Juridice al Academiei Rom\u00e2ne \u201eAcad. Andrei R\u0103dulescu\u201d<\/p>\n\n\n\n<p class=\"has-text-align-center\">Versiunea 1, 12.2024<\/p>\n\n\n\n<p><\/p>\n\n\n\n<p><strong>Institutul de Cercet\u0103ri Juridice \u201eAcad. Andrei R\u0103dulescu\u201d al Academiei Rom\u00e2ne (ICJ), institu\u021bie de drept public cu personalitate juridic\u0103, cu sediul \u00een Bucure\u0219ti, Calea 13 Septembrie nr. 13, corp B, et. 4, sector 5, cod po\u0219tal 050711, telefon (004) 021.318.81.30, fax (004) 021.318.24.53, website <\/strong><a href=\"https:\/\/icj.ro\"><strong>https:\/\/icj.ro<\/strong><\/a><strong>, e-mail <\/strong><a href=\"mailto:juridic_institut@yahoo.com\"><strong>juridic_institut@yahoo.com<\/strong><\/a><strong>, \u00een calitate de <em>Operator de Date<\/em>, v\u0103 informeaz\u0103 prin prezenta despre prelucrarea datelor dumneavoastr\u0103 personale, precum \u0219i drepturile pe care le ave\u021bi \u00een conformitate cu <em>Regulamentul (UE) 2016\/679 al Parlamentului European \u0219i al Consiliului din 27 aprilie 2016<\/em> (denumit \u00een continuare <em>GDPR<\/em>) \u0219i legisla\u021bia na\u021bional\u0103 privind protec\u021bia \u0219i securitatea datelor personale \u00een vigoare.<\/strong><\/p>\n\n\n\n<p>ICJ are ca obiectiv promovarea \u0219i realizarea de cercet\u0103ri juridice \u00een domeniile Dreptului public \u0219i Dreptului privat (conform clasific\u0103rii CAEN: 7220; Cercetare, dezvoltare \u00een \u0219tiin\u021be sociale \u0219i umaniste (CDSSU); conform clasific\u0103rii UNESCO, S\/T (UNESCO): 5605.07 Cercetare \u0219tiin\u021bific\u0103 in domeniul Dreptului public; 5605.08 &#8211; Cercetare \u0219tiin\u021bific\u0103 in domeniul Dreptului privat), prin activit\u0103\u021bi \u0219tiin\u021bifice specifice precum conferin\u021be, simpozioane, sesiuni de comunic\u0103ri \u0219tiin\u021bifice, mese rotunde, <em>focus grupuri<\/em>, publica\u021bii \u0219tiin\u021bifice \u0219i altele asemenea.<\/p>\n\n\n\n<p>Ne angaj\u0103m s\u0103 asigur\u0103m confiden\u021bialitatea, securitatea \u0219i respectarea drepturilor dumneavoastr\u0103, \u00een conformitate cu prevederile <em>GDPR<\/em> legisla\u021bia na\u021bional\u0103 aplicabil\u0103.<\/p>\n\n\n\n<ol style=\"list-style-type:upper-roman\" class=\"wp-block-list\">\n<li><strong>Scopul \u0219i domeniul de aplicare<\/strong><ol><li>Prezenta <em>Not\u0103 de Informare<\/em> are scopul de a v\u0103 oferi informa\u021bii clare, concise \u0219i transparente cu privire la modul \u00een care ICJ prelucreaz\u0103 datele dvs. cu caracter personal \u00een contextul particip\u0103rii la activit\u0103\u021bile \u0219tiin\u021bifice organizate (conferin\u021be, simpozioane, sesiuni de comunic\u0103ri \u0219tiin\u021bifice, mese rotunde, <em>focus grupuri<\/em>, publica\u021bii \u0219tiin\u021bifice \u0219i altele asemenea).<\/li><\/ol><ol><li>Prelucrarea datelor are loc \u00een concordan\u021b\u0103 cu urm\u0103toarele principii: legalitate, echitate \u0219i transparen\u021b\u0103; limitarea la scopul declarat; minimizarea datelor; exactitate; limitarea stoc\u0103rii; integritate \u0219i confiden\u021bialitate; responsabilitate.<\/li><\/ol>\n<ol class=\"wp-block-list\">\n<li>Prezentul document se aplic\u0103 tuturor participan\u021bilor: cercet\u0103tori, profesori, doctoranzi, practicieni, membri ai Comitetului \u0218tiin\u021bific, precum \u0219i tuturor persoanelor fizice care particip\u0103 la activit\u0103\u021bile \u0219tiin\u021bifice ale ICJ.<\/li>\n<\/ol>\n<\/li>\n<\/ol>\n\n\n\n<ol style=\"list-style-type:upper-roman\" class=\"wp-block-list\">\n<li><strong>Categoriile de date cu caracter personal prelucrate<\/strong><ol><li>\u201e<em>Date cu caracter personal<\/em>\u201d \u00eenseamn\u0103 orice informa\u021bii privind o persoan\u0103 fizic\u0103 identificat\u0103 sau identificabil\u0103.<\/li><\/ol>\n<ol class=\"wp-block-list\">\n<li><strong>Datele pe care le prelucr\u0103m includ<\/strong>, \u00een func\u021bie de natura activit\u0103\u021bii \u0219tiin\u021bifice:<\/li>\n<\/ol>\n<\/li>\n\n\n\n<li><strong>Date de identificare \u0219i profesionale:<\/strong> nume, prenume, func\u021bia \u0219i \/ sau gradul \u0219tiin\u021bific \/ didactic, afilierea institu\u021bional\u0103;<\/li>\n\n\n\n<li><strong>Date de contact:<\/strong> adresa de e-mail, num\u0103r de telefon (dac\u0103 este necesar \u0219i furnizat);<\/li>\n\n\n\n<li><strong>Date rezultate din participarea la evenimente online \/ hibrid <\/strong>(<a>conferin\u021be, simpozioane, sesiuni de comunic\u0103ri \u0219tiin\u021bifice, mese rotunde, <em>focus grupuri<\/em><\/a> \u0219i altele asemenea): imaginea, vocea \u0219i opiniile exprimate \u00een cadrul sesiunilor organizate prin platforma Microsoft Teams sau o alt\u0103 platform\u0103 similar\u0103 (<a>detaliile referitoare la confiden\u021bialitate \u0219i protec\u021bia datelor \u00een cadrul utiliz\u0103rii Microsoft Teams sunt disponibile <\/a><a href=\"https:\/\/www.microsoft.com\/en-us\/microsoft-365\/blog\/2020\/04\/06\/microsofts-commitment-privacy-security-microsoft-teams\/#:~:text=We%20safeguard%20your%20privacy%20by%20design%201%20We,responding%20to%20government%20requests%20for%20data.%20More%20items?msockid=1a9dad5470c9607736feb8407133610b\">aici<\/a>);<\/li>\n\n\n\n<li><strong>Contribu\u021biile \u0219tiin\u021bifice:<\/strong> opinii, observa\u021bii, interven\u021bii verbale sau scrise, materiale \u0219tiin\u021bifice prezentate \u00een cadrul activit\u0103\u021bilor \u0219tiin\u021bifice.\n<ol class=\"wp-block-list\">\n<li>ICJ aplic\u0103 principiul minimiz\u0103rii datelor, colect\u00e2nd doar datele strict necesare pentru scopurile declarate.<\/li>\n<\/ol>\n<\/li>\n<\/ol>\n\n\n\n<ol style=\"list-style-type:upper-roman\" class=\"wp-block-list\">\n<li><strong>Scopul prelucr\u0103rii datelor cu caracter personal<\/strong>\n<ol class=\"wp-block-list\">\n<li><strong>Putem prelucra datele dvs. pentru<\/strong>:<\/li>\n<\/ol>\n<\/li>\n\n\n\n<li><strong>Desf\u0103\u0219urarea evenimentelor \u0219tiin\u021bifice<\/strong> (conferin\u021be, simpozioane, sesiuni de comunic\u0103ri \u0219tiin\u021bifice, mese rotunde, <em>focus grupuri \u0219i altele asemenea<\/em>): organizarea intern\u0103, \u00eenregistrarea \u0219i promovarea evenimentelor \u0219tiin\u021bifice, desf\u0103\u0219urarea efectiv\u0103, inclusiv prelucrarea datelor audio-video prin intermediul <a href=\"https:\/\/www.microsoft.com\/en-us\/microsoft-365\/blog\/2020\/04\/06\/microsofts-commitment-privacy-security-microsoft-teams\/#:~:text=We%20safeguard%20your%20privacy%20by%20design%201%20We,responding%20to%20government%20requests%20for%20data.%20More%20items?msockid=1a9dad5470c9607736feb8407133610b\">Microsoft Teams<\/a> sau o alt\u0103 platform\u0103 similar\u0103, precum \u0219i stocarea acestora;<\/li>\n\n\n\n<li><strong>Publicarea rezultatelor \u0219tiin\u021bifice:<\/strong> publicarea de colec\u021bii, c\u0103r\u021bi, volume, reviste \u0219i altele asemenea;<\/li>\n\n\n\n<li><strong>Organizarea curent\u0103:<\/strong> men\u021binerea unor baze de date cu participan\u021bii la activit\u0103\u021bile \u0219tiin\u021bifice ale ICJ, precum \u0219i gestionarea documentelor prin intermediul serviciilor Microsoft Office 365 (detaliile referitoare la confiden\u021bialitate \u0219i protec\u021bia datelor \u00een cadrul utiliz\u0103rii Microsoft Office 365 sunt disponibile <a href=\"https:\/\/www.microsoft.com\/en-us\/privacy\/privacystatement?msockid=1a9dad5470c9607736feb8407133610b\">aici<\/a>);<\/li>\n\n\n\n<li><strong>Comunicarea intern\u0103 \u0219i extern\u0103:<\/strong> prelucrarea de informa\u021bii relevante privind programul, temele, schimb\u0103rile organizatorice \u0219i rezultatele evenimentelor c\u0103tre participan\u021bi \u0219i eventuali colaboratori (prin e-mail sau alte canale de comunicare).\n<ol class=\"wp-block-list\">\n<li><strong>Scopul prelucr\u0103rii datelor are caracter \u0219tiin\u021bific, educa\u021bional \u0219i informativ. ICJ nu va monetiza con\u021binutul creat sau colectat.<\/strong><\/li>\n<\/ol>\n<\/li>\n<\/ol>\n\n\n\n<ol style=\"list-style-type:upper-roman\" class=\"wp-block-list\">\n<li><strong>Baza legal\u0103 pentru prelucrare<\/strong><ol><li>Prelucrarea datelor cu caracter personal se realizeaz\u0103 \u00een conformitate cu art. 6 alin. (1) lit. (f) din GDPR, anume <strong>interesul legitim al ICJ de a-\u0219i \u00eendeplini misiunea academic\u0103 \u0219i \u0219tiin\u021bific\u0103, pentru scopurile \u0219i\/sau mijloacele care nu sunt explicit reglementate de cadrul normativ.<\/strong><\/li><\/ol>\n<ol class=\"wp-block-list\">\n<li>Prelucrarea poate avea loc \u0219i pentru respectarea obliga\u021biilor legale (art. 6 alin. (1) lit. (c) <em>GDPR<\/em>), dac\u0103 se aplic\u0103.<\/li>\n<\/ol>\n<\/li>\n<\/ol>\n\n\n\n<ul class=\"wp-block-list\">\n<li><strong>Comunicarea \u0219i transferul datelor cu caracter personal<\/strong>\n<ul class=\"wp-block-list\">\n<li><strong>Comunic\u0103m<\/strong> <strong>anumite date cu caracter personal c\u0103tre:<\/strong><\/li>\n<\/ul>\n<\/li>\n\n\n\n<li><strong>Parteneri:<\/strong> \u00een vederea organiz\u0103rii \u0219i promov\u0103rii evenimentelor (co-organizatori, institu\u021bii academice, edituri, parteneri media).<\/li>\n\n\n\n<li><strong>Furnizori de servicii:<\/strong> precum furnizorii platformei Microsoft Teams \u0219i Microsoft Office 365 (Microsoft Corporation), \u0219i alte platforme online utilizate pentru diseminare, publicare \u0219i colaborare. Furnizorii pot fi localiza\u021bi \u00een afara Spa\u021biului Economic European, caz \u00een care se vor implementa garan\u021bii adecvate (clauze contractuale standard, decizii de adecvare ale Comisiei Europene).<\/li>\n\n\n\n<li><strong>Institu\u021bii \u0219i autorit\u0103\u021bi publice:<\/strong> atunci c\u00e2nd exist\u0103 o obliga\u021bie legal\u0103 \u00een acest sens.\n<ul class=\"wp-block-list\">\n<li>\u00cenregistr\u0103rile audio-video (inclusiv vocea \u0219i imaginea) efectuate prin Microsoft Teams, sau alte platforme similare, pot fi stocate \u00een centre de date situate \u00een UE sau, \u00een func\u021bie de set\u0103rile platformei, \u00een state ter\u021be care ofer\u0103 garan\u021bii de protec\u021bie a datelor.<\/li>\n<\/ul>\n<\/li>\n<\/ul>\n\n\n\n<ul class=\"wp-block-list\">\n<li><strong>Drepturile persoanelor vizate<\/strong>\n<ul class=\"wp-block-list\">\n<li><strong>\u00cen calitate de persoan\u0103 vizat\u0103, beneficia\u021bi de urm\u0103toarele drepturi,<\/strong> \u00een condi\u021biile prev\u0103zute de GDPR:<\/li>\n<\/ul>\n<\/li>\n\n\n\n<li><strong>Dreptul la informare \u0219i acces:<\/strong> dreptul de a ob\u021bine confirmarea prelucr\u0103rii datelor \u0219i informa\u021bii privind aceasta;<\/li>\n\n\n\n<li><strong>Dreptul la rectificare:<\/strong> dreptul de a ob\u021bine corectarea datelor inexacte sau completarea celor incomplete;<\/li>\n\n\n\n<li><strong>Dreptul la \u0219tergere (dreptul de a fi uitat):<\/strong> dreptul de a solicita \u0219tergerea datelor \u00een situa\u021biile prev\u0103zute de lege;<\/li>\n\n\n\n<li><strong>Dreptul la restric\u021bionarea prelucr\u0103rii:<\/strong> dreptul de a ob\u021bine limitarea prelucr\u0103rii \u00een anumite condi\u021bii;<\/li>\n\n\n\n<li><strong>Dreptul la portabilitatea datelor:<\/strong> dreptul de a primi datele \u00eentr-un format structurat \u0219i de a le transmite altui operator;<\/li>\n\n\n\n<li><strong>Dreptul la opozi\u021bie:<\/strong> dreptul de a v\u0103 opune, din motive legate de situa\u021bia particular\u0103, prelucr\u0103rii datelor bazate pe interes legitim;<\/li>\n\n\n\n<li><strong>Dreptul de a nu fi supus unei decizii individuale automate:<\/strong> dreptul de a nu fi supus unei decizii luate exclusiv prin mijloace automate, f\u0103r\u0103 interven\u021bie uman\u0103;<\/li>\n\n\n\n<li><strong>Dreptul de a v\u0103 adresa Autorit\u0103\u021bii Na\u021bionale de Supraveghere a Prelucr\u0103rii Datelor cu Caracter Personal (ANSPDCP) sau instan\u021belor competente<\/strong>.\n<ul class=\"wp-block-list\">\n<li>Pentru exercitarea drepturilor sau pentru reclama\u021bii, ne pute\u021bi contacta la adresa de e-mail indicat\u0103 la Sec\u021biunea X. Vom r\u0103spunde \u00een termen de p\u00e2n\u0103 la o lun\u0103 (termen ce poate fi prelungit, dac\u0103 legea o permite, cu informarea dvs. prealabil\u0103).<\/li>\n<\/ul>\n<\/li>\n<\/ul>\n\n\n\n<ul class=\"wp-block-list\">\n<li><strong>Securitatea datelor cu caracter personal<\/strong><ul><li>Vom implementa m\u0103suri tehnice \u0219i organizatorice corespunz\u0103toare pentru a proteja datele \u00eempotriva accesului neautorizat, pierderii, distrugerii sau divulg\u0103rii neautorizate.<\/li><\/ul>\n<ul class=\"wp-block-list\">\n<li>\u00centruc\u00e2t transmiterea datelor prin internet (inclusiv prin Microsoft Teams sau alte platforme similare) implic\u0103 riscuri inerente, depunem eforturi pentru a asigura un nivel adecvat de securitate, dar nu putem garanta securitatea absolut\u0103 a informa\u021biilor transmise prin intermediul internetului.<\/li>\n<\/ul>\n<\/li>\n<\/ul>\n\n\n\n<ul class=\"wp-block-list\">\n<li><strong>Perioada de stocare a datelor<\/strong><ul><li><strong>Datele cu caracter personal rezultate din \u00eenregistr\u0103rile evenimentelor<\/strong> (conferin\u021be, simpozioane, sesiuni de comunic\u0103ri \u0219tiin\u021bifice, mese rotunde, <em>focus grupuri<\/em> \u0219i altele asemenea) <strong>vor fi p\u0103strate at\u00e2t timp c\u00e2t este necesar \u00een vederea realiz\u0103rii scopurilor \u0219tiin\u021bifice \u0219i educa\u021bionale, dar nu mai mult de 10 ani de la sf\u00e2r\u0219itul anului \u00een care a fost efectuat\u0103 \u00eenregistrarea.<\/strong> Aceast\u0103 perioad\u0103 de reten\u021bie este justificat\u0103 de necesitatea men\u021binerii unei arhive \u0219tiin\u021bifice adecvate, care s\u0103 permit\u0103 accesul la informa\u021bii relevante pentru validarea, completarea \u0219i documentarea studiilor \u0219i cercet\u0103rilor ulterioare. \u00cen acela\u0219i timp, se men\u021bine un echilibru \u00eentre interesul legitim de a stoca aceste date \u00een scopuri \u0219tiin\u021bifice \u0219i educa\u021bionale \u0219i drepturile \u0219i libert\u0103\u021bile fundamentale ale persoanelor vizate.<\/li><\/ul><ul><li><strong>Datele cu caracter personal incluse \u00een materialele \u0219tiin\u021bifice publicate nu sunt supuse unui termen de reten\u021bie, \u00eentruc\u00e2t acestea devin parte a literaturii \u0219tiin\u021bifice \u0219i r\u0103m\u00e2n, prin natura lor, accesibile pe termen nelimitat.<\/strong><\/li><\/ul>\n<ul class=\"wp-block-list\">\n<li>Materialele \u0219tiin\u021bifice publicate sunt supuse urm\u0103toarelor reglement\u0103ri specifice:<\/li>\n<\/ul>\n<\/li>\n\n\n\n<li><strong>Depozitul legal<\/strong> (<em>Legea nr. 111\/1995 privind Depozitul legal de documente<\/em>, republicat\u0103): orice lucrare tip\u0103rit\u0103 sau \u00een format electronic care intr\u0103 sub inciden\u021ba depozitului legal (inclusiv reviste \u0219tiin\u021bifice sau alte publica\u021bii academice) trebuie transmis\u0103 c\u0103tre Biblioteca Na\u021bional\u0103 a Rom\u00e2niei \u0219i alte institu\u021bii abilitate. <strong><em>Documentele intrate \u00een depozit legal sunt p\u0103strate permanent, deoarece ele devin parte a patrimoniului cultural na\u021bional. Prin urmare, articolele \u0219tiin\u021bifice publicate \u00een periodice supuse depozitului legal sunt arhivate pe termen nedefinit.<\/em><\/strong><\/li>\n\n\n\n<li><strong>Politicile interne ale institu\u021biilor \u0219i editurilor:<\/strong> \u00cen afara obliga\u021biilor legale de depozit, editurile, institu\u021biile de cercetare sau bibliotecile universitare pot avea propriile reguli interne privind arhivarea \u0219i conservarea articolelor \u0219tiin\u021bifice. <strong><em>Aceste politici interne pot stabili perioade minime de p\u0103strare sau, dimpotriv\u0103, pot prevedea p\u0103strarea pe termen nelimitat.<\/em><\/strong><\/li>\n\n\n\n<li><strong>Arhivarea digital\u0103:<\/strong> \u00cen mediul online, <strong><em>articolele \u0219tiin\u021bifice pot fi p\u0103strate pe termen nedeterminat \u00een bazele de date ale editurilor, agregatorilor \u0219tiin\u021bifici \u0219i bibliotecilor digitale<\/em><\/strong>, cu condi\u021bia respect\u0103rii drepturilor de autor \u0219i a eventualelor acorduri de licen\u021b\u0103.\n<ul class=\"wp-block-list\">\n<li>La expirarea perioadei de reten\u021bie (dac\u0103 este cazul) sau atunci c\u00e2nd datele cu caracter personal nu mai sunt necesare, acestea vor fi \u0219terse, distruse, anonimizate sau arhivate \u00een mod securizat, cu excep\u021bia situa\u021biilor \u00een care legisla\u021bia impune altfel.<\/li>\n<\/ul>\n<\/li>\n<\/ul>\n\n\n\n<ol style=\"list-style-type:upper-roman\" class=\"wp-block-list\">\n<li><strong>Modific\u0103ri ale Notei de informare<\/strong><ol><li>Ne rezerv\u0103m dreptul de a actualiza periodic aceast\u0103 Not\u0103 de Informare.<\/li><\/ol>\n<ol class=\"wp-block-list\">\n<li>Orice modificare va fi publicat\u0103 pe website-ul ICJ. \u00cen cazul unor schimb\u0103ri semnificative, participan\u021bii vor fi informa\u021bi prin e-mail sau prin alte mijloace de comunicare agreate.<\/li>\n<\/ol>\n<\/li>\n<\/ol>\n\n\n\n<ul class=\"wp-block-list\">\n<li><strong>Date de contact<\/strong><ul><li>Pentru exercitarea drepturilor sau pentru \u00eentreb\u0103ri legate de prelucrarea datelor cu caracter personal, ne pute\u021bi contacta la:<\/li><\/ul>\n<ul class=\"wp-block-list\">\n<li>E-mail: <a href=\"mailto:data_protection@icj.ro\">data_protection@icj.ro<\/a>.<\/li>\n<\/ul>\n<\/li>\n<\/ul>\n\n\n\n<p><em>Prezenta Not\u0103 de Informare descrie modul \u00een care Institutul de Cercet\u0103ri Juridice al Academiei Rom\u00e2ne, prelucreaz\u0103 datele dumneavoastr\u0103 cu caracter personal at\u00e2t \u00een contextul evenimentelor \u0219tiin\u021bifice pe care le organizeaz\u0103, c\u00e2t \u0219i \u00een leg\u0103tur\u0103 cu p\u0103strarea \u0219i diseminarea publica\u021biilor rezultate din aceste demersuri academice.<\/em><\/p>\n\n\n\n<p><em>Participarea la evenimentele \u0219tiin\u021bifice \u0219i transmiterea contribu\u021biilor \u0219tiin\u021bifice \u00een vederea public\u0103rii atest\u0103 faptul c\u0103 a\u021bi luat cuno\u0219tin\u021b\u0103 de con\u021binutul Notei de Informare.<\/em><\/p>\n","protected":false},"excerpt":{"rendered":"<p>NOTA DE INFORMARE privind prelucrarea datelor cu caracter personal ale participan\u021bilor la activit\u0103\u021bile \u0219tiin\u021bifice organizate de Institutul de Cercet\u0103ri Juridice al Academiei Rom\u00e2ne \u201eAcad. Andrei R\u0103dulescu\u201d Versiunea 1, 12.2024 Institutul de Cercet\u0103ri Juridice \u201eAcad. Andrei R\u0103dulescu\u201d al Academiei Rom\u00e2ne (ICJ), institu\u021bie de drept public cu personalitate juridic\u0103, cu sediul \u00een Bucure\u0219ti, Calea 13 Septembrie nr. [&hellip;]<\/p>\n","protected":false},"author":1,"featured_media":0,"parent":0,"menu_order":0,"comment_status":"closed","ping_status":"closed","template":"","meta":{"footnotes":""},"class_list":["post-5393","page","type-page","status-publish","hentry"],"_links":{"self":[{"href":"https:\/\/www.csde.ro\/index.php?rest_route=\/wp\/v2\/pages\/5393"}],"collection":[{"href":"https:\/\/www.csde.ro\/index.php?rest_route=\/wp\/v2\/pages"}],"about":[{"href":"https:\/\/www.csde.ro\/index.php?rest_route=\/wp\/v2\/types\/page"}],"author":[{"embeddable":true,"href":"https:\/\/www.csde.ro\/index.php?rest_route=\/wp\/v2\/users\/1"}],"replies":[{"embeddable":true,"href":"https:\/\/www.csde.ro\/index.php?rest_route=%2Fwp%2Fv2%2Fcomments&post=5393"}],"version-history":[{"count":2,"href":"https:\/\/www.csde.ro\/index.php?rest_route=\/wp\/v2\/pages\/5393\/revisions"}],"predecessor-version":[{"id":5397,"href":"https:\/\/www.csde.ro\/index.php?rest_route=\/wp\/v2\/pages\/5393\/revisions\/5397"}],"wp:attachment":[{"href":"https:\/\/www.csde.ro\/index.php?rest_route=%2Fwp%2Fv2%2Fmedia&parent=5393"}],"curies":[{"name":"wp","href":"https:\/\/api.w.org\/{rel}","templated":true}]}}